{"id":4711,"date":"2023-03-13T16:00:05","date_gmt":"2023-03-13T15:00:05","guid":{"rendered":"http:\/\/colimatexpress.fr\/?page_id=4711"},"modified":"2023-03-13T16:21:15","modified_gmt":"2023-03-13T15:21:15","slug":"activite","status":"publish","type":"page","link":"http:\/\/colimatexpress.fr\/index.php\/activite\/","title":{"rendered":"Activit\u00e9"},"content":{"rendered":"\t\t<div data-elementor-type=\"wp-page\" data-elementor-id=\"4711\" class=\"elementor elementor-4711\">\n\t\t\t\t\t\t\t        <section class=\"elementor-section elementor-top-section elementor-element elementor-element-4b62a68a elementor-section-boxed elementor-section-height-default elementor-section-height-default ct-header-fixed-none ct-row-max-none\" data-id=\"4b62a68a\" data-element_type=\"section\">\n            \n                        <div class=\"elementor-container elementor-column-gap-extended \">\n                    <div class=\"elementor-column elementor-col-100 elementor-top-column elementor-element elementor-element-eae7656\" data-id=\"eae7656\" data-element_type=\"column\">\n            <div class=\"elementor-widget-wrap elementor-element-populated\">\n                        \t\t<div class=\"elementor-element elementor-element-508a69cb elementor-widget elementor-widget-ct_heading\" data-id=\"508a69cb\" data-element_type=\"widget\" data-widget_type=\"ct_heading.default\">\n\t\t\t\t<div class=\"elementor-widget-container\">\n\t\t\t<div id=\"ct_heading-508a69cb\" class=\"ct-heading h-align- sub- ct-heading-left item-st-line-left1\">\n\t<div class=\"ct-inline-css\"  data-css=\"\n        \">\n    <\/div>\n        <h3 class=\"item--title st-line-left1 case-animate-time\" data-wow-delay=\"ms\">\n                <span class=\"sp-main\">\n                            <i><\/i>\n            \n            Que proposons-nous ?\n            \n                    <\/span>\n            <\/h3>\n<\/div>\t\t<\/div>\n\t\t\t\t<\/div>\n\t\t        <section class=\"elementor-section elementor-inner-section elementor-element elementor-element-1718eec7 elementor-section-boxed elementor-section-height-default elementor-section-height-default ct-header-fixed-none ct-row-max-none\" data-id=\"1718eec7\" data-element_type=\"section\">\n            \n                        <div class=\"elementor-container elementor-column-gap-extended \">\n                    <div class=\"elementor-column elementor-col-100 elementor-inner-column elementor-element elementor-element-74f8a6eb\" data-id=\"74f8a6eb\" data-element_type=\"column\">\n            <div class=\"elementor-widget-wrap elementor-element-populated\">\n                        \t\t<div class=\"elementor-element elementor-element-62e262e2 elementor-widget elementor-widget-text-editor\" data-id=\"62e262e2\" data-element_type=\"widget\" data-widget_type=\"text-editor.default\">\n\t\t\t\t<div class=\"elementor-widget-container\">\n\t\t\t<style>\/*! elementor - v3.11.2 - 22-02-2023 *\/\n.elementor-widget-text-editor.elementor-drop-cap-view-stacked .elementor-drop-cap{background-color:#818a91;color:#fff}.elementor-widget-text-editor.elementor-drop-cap-view-framed .elementor-drop-cap{color:#818a91;border:3px solid;background-color:transparent}.elementor-widget-text-editor:not(.elementor-drop-cap-view-default) .elementor-drop-cap{margin-top:8px}.elementor-widget-text-editor:not(.elementor-drop-cap-view-default) .elementor-drop-cap-letter{width:1em;height:1em}.elementor-widget-text-editor .elementor-drop-cap{float:left;text-align:center;line-height:1;font-size:50px}.elementor-widget-text-editor .elementor-drop-cap-letter{display:inline-block}<\/style>\t\t\t\t<p>Notre flotte est compos\u00e9e d\u2019une quarantaine de camions porteurs, dont les PTAC sont compris entre 3,5 tonnes (5\/6 palettes) et 26 tonnes (22 palettes), mais \u00e9galement d\u2019utilitaires (pour les courses rapides, type messagerie)<br \/>85% de notre flotte est \u00e9quip\u00e9e de groupes frigorifiques qui permettent de garantir la cha\u00eene du froid, et, pour une lev\u00e9e de doute, d\u2019enregistreurs de temp\u00e9ratures sur les v\u00e9hicules les plus r\u00e9cents.<br \/>La totalit\u00e9 de nos v\u00e9hicules r\u00e9pond \u00e0 la r\u00e9glementation et aux exigences de l\u2019activit\u00e9 de transport : licences, agr\u00e9ments sanitaires, contr\u00f4les p\u00e9riodiques\u2026<br \/>Notre personnel form\u00e9, professionnel et investi, assure le chargement, le transport et le d\u00e9chargement de vos marchandises : produits secs, frais (&gt; 0\u00b0c), surgel\u00e9s ( &lt;-18\u00b0c), sur tout le territoire.<br \/>Que vous soyez un d\u00e9p\u00f4t ou un grossiste, nous livrons votre marchandise vers tout type de commerce : GMS, restaurants, boulangeries, commerces de proximit\u00e9\u2026<\/p>\t\t\t\t\t\t<\/div>\n\t\t\t\t<\/div>\n\t\t            <\/div>\n        <\/div>\n                            <\/div>\n        <\/section>\n        \t\t<div class=\"elementor-element elementor-element-7f5a2282 elementor-widget elementor-widget-image-gallery\" data-id=\"7f5a2282\" data-element_type=\"widget\" data-widget_type=\"image-gallery.default\">\n\t\t\t\t<div class=\"elementor-widget-container\">\n\t\t\t<style>\/*! elementor - v3.11.2 - 22-02-2023 *\/\n.elementor-image-gallery .gallery-item{display:inline-block;text-align:center;vertical-align:top;width:100%;max-width:100%;margin:0 auto}.elementor-image-gallery .gallery-item img{margin:0 auto}.elementor-image-gallery .gallery-item .gallery-caption{margin:0}.elementor-image-gallery figure img{display:block}.elementor-image-gallery figure figcaption{width:100%}.gallery-spacing-custom .elementor-image-gallery .gallery-icon{padding:0}@media (min-width:768px){.elementor-image-gallery .gallery-columns-2 .gallery-item{max-width:50%}.elementor-image-gallery .gallery-columns-3 .gallery-item{max-width:33.33%}.elementor-image-gallery .gallery-columns-4 .gallery-item{max-width:25%}.elementor-image-gallery .gallery-columns-5 .gallery-item{max-width:20%}.elementor-image-gallery .gallery-columns-6 .gallery-item{max-width:16.666%}.elementor-image-gallery .gallery-columns-7 .gallery-item{max-width:14.28%}.elementor-image-gallery .gallery-columns-8 .gallery-item{max-width:12.5%}.elementor-image-gallery .gallery-columns-9 .gallery-item{max-width:11.11%}.elementor-image-gallery .gallery-columns-10 .gallery-item{max-width:10%}}@media (min-width:480px) and (max-width:767px){.elementor-image-gallery .gallery.gallery-columns-2 .gallery-item,.elementor-image-gallery .gallery.gallery-columns-3 .gallery-item,.elementor-image-gallery .gallery.gallery-columns-4 .gallery-item,.elementor-image-gallery .gallery.gallery-columns-5 .gallery-item,.elementor-image-gallery .gallery.gallery-columns-6 .gallery-item,.elementor-image-gallery .gallery.gallery-columns-7 .gallery-item,.elementor-image-gallery .gallery.gallery-columns-8 .gallery-item,.elementor-image-gallery .gallery.gallery-columns-9 .gallery-item,.elementor-image-gallery .gallery.gallery-columns-10 .gallery-item{max-width:50%}}@media (max-width:479px){.elementor-image-gallery .gallery.gallery-columns-2 .gallery-item,.elementor-image-gallery .gallery.gallery-columns-3 .gallery-item,.elementor-image-gallery .gallery.gallery-columns-4 .gallery-item,.elementor-image-gallery .gallery.gallery-columns-5 .gallery-item,.elementor-image-gallery .gallery.gallery-columns-6 .gallery-item,.elementor-image-gallery .gallery.gallery-columns-7 .gallery-item,.elementor-image-gallery .gallery.gallery-columns-8 .gallery-item,.elementor-image-gallery .gallery.gallery-columns-9 .gallery-item,.elementor-image-gallery .gallery.gallery-columns-10 .gallery-item{max-width:100%}}<\/style>\t\t<div class=\"elementor-image-gallery\">\n\t\t\t<div id='gallery-1' class='gallery galleryid-4711 gallery-columns-3 gallery-size-medium'><figure class='gallery-item'>\n\t\t\t<div class='gallery-icon portrait'>\n\t\t\t\t<a data-elementor-open-lightbox=\"yes\" data-elementor-lightbox-slideshow=\"7f5a2282\" data-elementor-lightbox-title=\"proposition1\" data-e-action-hash=\"#elementor-action%3Aaction%3Dlightbox%26settings%3DeyJpZCI6NDYwOSwidXJsIjoiaHR0cDpcL1wvY29saW1hdGV4cHJlc3MuZnJcL3dwLWNvbnRlbnRcL3VwbG9hZHNcLzIwMjNcLzAzXC9wcm9wb3NpdGlvbjEuanBlZyIsInNsaWRlc2hvdyI6IjdmNWEyMjgyIn0%3D\" href='http:\/\/colimatexpress.fr\/wp-content\/uploads\/2023\/03\/proposition1.jpeg'><img decoding=\"async\" width=\"140\" height=\"300\" src=\"http:\/\/colimatexpress.fr\/wp-content\/uploads\/2023\/03\/proposition1-140x300.jpeg\" class=\"attachment-medium size-medium\" alt=\"\" srcset=\"http:\/\/colimatexpress.fr\/wp-content\/uploads\/2023\/03\/proposition1-140x300.jpeg 140w, http:\/\/colimatexpress.fr\/wp-content\/uploads\/2023\/03\/proposition1-479x1024.jpeg 479w, http:\/\/colimatexpress.fr\/wp-content\/uploads\/2023\/03\/proposition1-719x1536.jpeg 719w, http:\/\/colimatexpress.fr\/wp-content\/uploads\/2023\/03\/proposition1.jpeg 749w\" sizes=\"(max-width: 140px) 100vw, 140px\" \/><\/a>\n\t\t\t<\/div><\/figure><figure class='gallery-item'>\n\t\t\t<div class='gallery-icon portrait'>\n\t\t\t\t<a data-elementor-open-lightbox=\"yes\" data-elementor-lightbox-slideshow=\"7f5a2282\" data-elementor-lightbox-title=\"proposition2\" data-e-action-hash=\"#elementor-action%3Aaction%3Dlightbox%26settings%3DeyJpZCI6NDYxMCwidXJsIjoiaHR0cDpcL1wvY29saW1hdGV4cHJlc3MuZnJcL3dwLWNvbnRlbnRcL3VwbG9hZHNcLzIwMjNcLzAzXC9wcm9wb3NpdGlvbjIuanBlZyIsInNsaWRlc2hvdyI6IjdmNWEyMjgyIn0%3D\" href='http:\/\/colimatexpress.fr\/wp-content\/uploads\/2023\/03\/proposition2.jpeg'><img decoding=\"async\" width=\"180\" height=\"300\" src=\"http:\/\/colimatexpress.fr\/wp-content\/uploads\/2023\/03\/proposition2-180x300.jpeg\" class=\"attachment-medium size-medium\" alt=\"\" srcset=\"http:\/\/colimatexpress.fr\/wp-content\/uploads\/2023\/03\/proposition2-180x300.jpeg 180w, http:\/\/colimatexpress.fr\/wp-content\/uploads\/2023\/03\/proposition2-614x1024.jpeg 614w, http:\/\/colimatexpress.fr\/wp-content\/uploads\/2023\/03\/proposition2.jpeg 768w\" sizes=\"(max-width: 180px) 100vw, 180px\" \/><\/a>\n\t\t\t<\/div><\/figure><figure class='gallery-item'>\n\t\t\t<div class='gallery-icon portrait'>\n\t\t\t\t<a data-elementor-open-lightbox=\"yes\" data-elementor-lightbox-slideshow=\"7f5a2282\" data-elementor-lightbox-title=\"proposition3\" data-e-action-hash=\"#elementor-action%3Aaction%3Dlightbox%26settings%3DeyJpZCI6NDYxMSwidXJsIjoiaHR0cDpcL1wvY29saW1hdGV4cHJlc3MuZnJcL3dwLWNvbnRlbnRcL3VwbG9hZHNcLzIwMjNcLzAzXC9wcm9wb3NpdGlvbjMuanBlZyIsInNsaWRlc2hvdyI6IjdmNWEyMjgyIn0%3D\" href='http:\/\/colimatexpress.fr\/wp-content\/uploads\/2023\/03\/proposition3.jpeg'><img decoding=\"async\" width=\"151\" height=\"300\" src=\"http:\/\/colimatexpress.fr\/wp-content\/uploads\/2023\/03\/proposition3-151x300.jpeg\" class=\"attachment-medium size-medium\" alt=\"\" srcset=\"http:\/\/colimatexpress.fr\/wp-content\/uploads\/2023\/03\/proposition3-151x300.jpeg 151w, http:\/\/colimatexpress.fr\/wp-content\/uploads\/2023\/03\/proposition3.jpeg 426w\" sizes=\"(max-width: 151px) 100vw, 151px\" \/><\/a>\n\t\t\t<\/div><\/figure>\n\t\t<\/div>\n\t\t<\/div>\n\t\t\t\t<\/div>\n\t\t\t\t<\/div>\n\t\t            <\/div>\n        <\/div>\n                            <\/div>\n        <\/section>\n                <section class=\"elementor-section elementor-top-section elementor-element elementor-element-0fb412f elementor-section-boxed elementor-section-height-default elementor-section-height-default ct-header-fixed-none ct-row-max-none\" data-id=\"0fb412f\" data-element_type=\"section\">\n            \n                        <div class=\"elementor-container elementor-column-gap-default \">\n                    <div class=\"elementor-column elementor-col-100 elementor-top-column elementor-element elementor-element-26edc7e\" data-id=\"26edc7e\" data-element_type=\"column\">\n            <div class=\"elementor-widget-wrap elementor-element-populated\">\n                        \t\t<div class=\"elementor-element elementor-element-82d756c elementor-widget elementor-widget-image\" data-id=\"82d756c\" data-element_type=\"widget\" data-widget_type=\"image.default\">\n\t\t\t\t<div class=\"elementor-widget-container\">\n\t\t\t<style>\/*! elementor - v3.11.2 - 22-02-2023 *\/\n.elementor-widget-image{text-align:center}.elementor-widget-image a{display:inline-block}.elementor-widget-image a img[src$=\".svg\"]{width:48px}.elementor-widget-image img{vertical-align:middle;display:inline-block}<\/style>\t\t\t\t\t\t\t\t\t\t\t\t<img decoding=\"async\" width=\"640\" height=\"334\" src=\"http:\/\/colimatexpress.fr\/wp-content\/uploads\/2023\/03\/activite-photo-1024x535.jpeg\" class=\"attachment-large size-large wp-image-4714\" alt=\"\" srcset=\"http:\/\/colimatexpress.fr\/wp-content\/uploads\/2023\/03\/activite-photo-1024x535.jpeg 1024w, http:\/\/colimatexpress.fr\/wp-content\/uploads\/2023\/03\/activite-photo-300x157.jpeg 300w, http:\/\/colimatexpress.fr\/wp-content\/uploads\/2023\/03\/activite-photo-768x401.jpeg 768w, http:\/\/colimatexpress.fr\/wp-content\/uploads\/2023\/03\/activite-photo-1536x803.jpeg 1536w, http:\/\/colimatexpress.fr\/wp-content\/uploads\/2023\/03\/activite-photo.jpeg 1600w\" sizes=\"(max-width: 640px) 100vw, 640px\" \/>\t\t\t\t\t\t\t\t\t\t\t\t\t\t\t<\/div>\n\t\t\t\t<\/div>\n\t\t            <\/div>\n        <\/div>\n                            <\/div>\n        <\/section>\n        \t\t\t\t\t<\/div>\n\t\t","protected":false},"excerpt":{"rendered":"<p>Que proposons-nous ? Notre flotte est compos\u00e9e d\u2019une quarantaine de camions porteurs, dont les PTAC sont compris entre 3,5 tonnes (5\/6 palettes) et 26 tonnes (22 palettes), mais \u00e9galement d\u2019utilitaires (pour les courses rapides, type messagerie)85% de notre flotte est \u00e9quip\u00e9e de groupes frigorifiques qui permettent de garantir la cha\u00eene du froid, et, pour une [&hellip;]<\/p>\n","protected":false},"author":1,"featured_media":0,"parent":0,"menu_order":0,"comment_status":"closed","ping_status":"closed","template":"","meta":{"footnotes":""},"class_list":["post-4711","page","type-page","status-publish","hentry"],"_links":{"self":[{"href":"http:\/\/colimatexpress.fr\/index.php\/wp-json\/wp\/v2\/pages\/4711","targetHints":{"allow":["GET"]}}],"collection":[{"href":"http:\/\/colimatexpress.fr\/index.php\/wp-json\/wp\/v2\/pages"}],"about":[{"href":"http:\/\/colimatexpress.fr\/index.php\/wp-json\/wp\/v2\/types\/page"}],"author":[{"embeddable":true,"href":"http:\/\/colimatexpress.fr\/index.php\/wp-json\/wp\/v2\/users\/1"}],"replies":[{"embeddable":true,"href":"http:\/\/colimatexpress.fr\/index.php\/wp-json\/wp\/v2\/comments?post=4711"}],"version-history":[{"count":7,"href":"http:\/\/colimatexpress.fr\/index.php\/wp-json\/wp\/v2\/pages\/4711\/revisions"}],"predecessor-version":[{"id":4732,"href":"http:\/\/colimatexpress.fr\/index.php\/wp-json\/wp\/v2\/pages\/4711\/revisions\/4732"}],"wp:attachment":[{"href":"http:\/\/colimatexpress.fr\/index.php\/wp-json\/wp\/v2\/media?parent=4711"}],"curies":[{"name":"wp","href":"https:\/\/api.w.org\/{rel}","templated":true}]}}