{"id":4705,"date":"2023-03-13T15:52:47","date_gmt":"2023-03-13T14:52:47","guid":{"rendered":"http:\/\/colimatexpress.fr\/?page_id=4705"},"modified":"2023-03-30T15:53:07","modified_gmt":"2023-03-30T13:53:07","slug":"historique","status":"publish","type":"page","link":"http:\/\/colimatexpress.fr\/index.php\/historique\/","title":{"rendered":"Historique"},"content":{"rendered":"\t\t<div data-elementor-type=\"wp-page\" data-elementor-id=\"4705\" class=\"elementor elementor-4705\">\n\t\t\t\t\t\t\t        <section class=\"elementor-section elementor-top-section elementor-element elementor-element-7a2b3eb4 elementor-section-boxed elementor-section-height-default elementor-section-height-default ct-header-fixed-none ct-row-max-none\" data-id=\"7a2b3eb4\" data-element_type=\"section\">\n            \n                        <div class=\"elementor-container elementor-column-gap-extended \">\n                    <div class=\"elementor-column elementor-col-50 elementor-top-column elementor-element elementor-element-50769f80\" data-id=\"50769f80\" data-element_type=\"column\">\n            <div class=\"elementor-widget-wrap elementor-element-populated\">\n                        \t\t<div class=\"elementor-element elementor-element-6d1568c6 elementor-widget elementor-widget-ct_heading\" data-id=\"6d1568c6\" data-element_type=\"widget\" data-widget_type=\"ct_heading.default\">\n\t\t\t\t<div class=\"elementor-widget-container\">\n\t\t\t<div id=\"ct_heading-6d1568c6\" class=\"ct-heading h-align- sub- ct-heading-left item-st-line-left1\">\n\t<div class=\"ct-inline-css\"  data-css=\"\n        \">\n    <\/div>\n        <h3 class=\"item--title st-line-left1 case-animate-time\" data-wow-delay=\"ms\">\n                <span class=\"sp-main\">\n                            <i><\/i>\n            \n            Comment tout a commenc\u00e9 ?\n            \n                    <\/span>\n            <\/h3>\n<\/div>\t\t<\/div>\n\t\t\t\t<\/div>\n\t\t        <section class=\"elementor-section elementor-inner-section elementor-element elementor-element-4c182515 elementor-section-boxed elementor-section-height-default elementor-section-height-default ct-header-fixed-none ct-row-max-none\" data-id=\"4c182515\" data-element_type=\"section\">\n            \n                        <div class=\"elementor-container elementor-column-gap-extended \">\n                    <div class=\"elementor-column elementor-col-100 elementor-inner-column elementor-element elementor-element-e2db23d\" data-id=\"e2db23d\" data-element_type=\"column\">\n            <div class=\"elementor-widget-wrap elementor-element-populated\">\n                        \t\t<div class=\"elementor-element elementor-element-210325a1 elementor-widget elementor-widget-text-editor\" data-id=\"210325a1\" data-element_type=\"widget\" data-widget_type=\"text-editor.default\">\n\t\t\t\t<div class=\"elementor-widget-container\">\n\t\t\t<style>\/*! elementor - v3.11.2 - 22-02-2023 *\/\n.elementor-widget-text-editor.elementor-drop-cap-view-stacked .elementor-drop-cap{background-color:#818a91;color:#fff}.elementor-widget-text-editor.elementor-drop-cap-view-framed .elementor-drop-cap{color:#818a91;border:3px solid;background-color:transparent}.elementor-widget-text-editor:not(.elementor-drop-cap-view-default) .elementor-drop-cap{margin-top:8px}.elementor-widget-text-editor:not(.elementor-drop-cap-view-default) .elementor-drop-cap-letter{width:1em;height:1em}.elementor-widget-text-editor .elementor-drop-cap{float:left;text-align:center;line-height:1;font-size:50px}.elementor-widget-text-editor .elementor-drop-cap-letter{display:inline-block}<\/style>\t\t\t\t<p>Cr\u00e9\u00e9e en 2009, par Mathieu POLYDORE, la soci\u00e9t\u00e9 Colimat Express est une soci\u00e9t\u00e9 de transport routier de marchandises, sp\u00e9cialis\u00e9e dans le transport frigorifique.<\/p><p>Un v\u00e9hicule et un chauffeur auront suffi pour d\u00e9marrer l\u2019activit\u00e9. Le professionnalisme, la rigueur et le travail d\u2019\u00e9quipe ont permis le d\u00e9veloppement de la soci\u00e9t\u00e9 qui compte aujourd &#8216;hui une quarantaine de v\u00e9hicules et autant de collaborateurs.<\/p><p>Depuis plus de 10 ans, notre \u00e9quipe s\u2019applique \u00e0 offrir une prestation de service qualitative, cl\u00e9 en main.<\/p>\t\t\t\t\t\t<\/div>\n\t\t\t\t<\/div>\n\t\t            <\/div>\n        <\/div>\n                            <\/div>\n        <\/section>\n                    <\/div>\n        <\/div>\n                <div class=\"elementor-column elementor-col-50 elementor-top-column elementor-element elementor-element-34242ed7\" data-id=\"34242ed7\" data-element_type=\"column\">\n            <div class=\"elementor-widget-wrap elementor-element-populated\">\n                        \t\t<div class=\"elementor-element elementor-element-25ac0eee elementor-widget elementor-widget-image\" data-id=\"25ac0eee\" data-element_type=\"widget\" data-widget_type=\"image.default\">\n\t\t\t\t<div class=\"elementor-widget-container\">\n\t\t\t<style>\/*! elementor - v3.11.2 - 22-02-2023 *\/\n.elementor-widget-image{text-align:center}.elementor-widget-image a{display:inline-block}.elementor-widget-image a img[src$=\".svg\"]{width:48px}.elementor-widget-image img{vertical-align:middle;display:inline-block}<\/style>\t\t\t\t\t\t\t\t\t\t\t\t<img decoding=\"async\" width=\"512\" height=\"342\" src=\"http:\/\/colimatexpress.fr\/wp-content\/uploads\/2023\/03\/historique-camion.jpeg\" class=\"attachment-full size-full wp-image-4763\" alt=\"\" srcset=\"http:\/\/colimatexpress.fr\/wp-content\/uploads\/2023\/03\/historique-camion.jpeg 512w, http:\/\/colimatexpress.fr\/wp-content\/uploads\/2023\/03\/historique-camion-300x200.jpeg 300w\" sizes=\"(max-width: 512px) 100vw, 512px\" \/>\t\t\t\t\t\t\t\t\t\t\t\t\t\t\t<\/div>\n\t\t\t\t<\/div>\n\t\t            <\/div>\n        <\/div>\n                            <\/div>\n        <\/section>\n        \t\t\t\t\t<\/div>\n\t\t","protected":false},"excerpt":{"rendered":"<p>Comment tout a commenc\u00e9 ? Cr\u00e9\u00e9e en 2009, par Mathieu POLYDORE, la soci\u00e9t\u00e9 Colimat Express est une soci\u00e9t\u00e9 de transport routier de marchandises, sp\u00e9cialis\u00e9e dans le transport frigorifique. Un v\u00e9hicule et un chauffeur auront suffi pour d\u00e9marrer l\u2019activit\u00e9. Le professionnalisme, la rigueur et le travail d\u2019\u00e9quipe ont permis le d\u00e9veloppement de la soci\u00e9t\u00e9 qui compte [&hellip;]<\/p>\n","protected":false},"author":1,"featured_media":0,"parent":0,"menu_order":0,"comment_status":"closed","ping_status":"closed","template":"","meta":{"footnotes":""},"class_list":["post-4705","page","type-page","status-publish","hentry"],"_links":{"self":[{"href":"http:\/\/colimatexpress.fr\/index.php\/wp-json\/wp\/v2\/pages\/4705","targetHints":{"allow":["GET"]}}],"collection":[{"href":"http:\/\/colimatexpress.fr\/index.php\/wp-json\/wp\/v2\/pages"}],"about":[{"href":"http:\/\/colimatexpress.fr\/index.php\/wp-json\/wp\/v2\/types\/page"}],"author":[{"embeddable":true,"href":"http:\/\/colimatexpress.fr\/index.php\/wp-json\/wp\/v2\/users\/1"}],"replies":[{"embeddable":true,"href":"http:\/\/colimatexpress.fr\/index.php\/wp-json\/wp\/v2\/comments?post=4705"}],"version-history":[{"count":10,"href":"http:\/\/colimatexpress.fr\/index.php\/wp-json\/wp\/v2\/pages\/4705\/revisions"}],"predecessor-version":[{"id":4766,"href":"http:\/\/colimatexpress.fr\/index.php\/wp-json\/wp\/v2\/pages\/4705\/revisions\/4766"}],"wp:attachment":[{"href":"http:\/\/colimatexpress.fr\/index.php\/wp-json\/wp\/v2\/media?parent=4705"}],"curies":[{"name":"wp","href":"https:\/\/api.w.org\/{rel}","templated":true}]}}