{"id":4616,"date":"2023-03-03T17:28:47","date_gmt":"2023-03-03T16:28:47","guid":{"rendered":"http:\/\/colimatexpress.fr\/?page_id=4616"},"modified":"2023-03-13T16:23:17","modified_gmt":"2023-03-13T15:23:17","slug":"partenariat","status":"publish","type":"page","link":"http:\/\/colimatexpress.fr\/index.php\/partenariat\/","title":{"rendered":"Partenariat"},"content":{"rendered":"\t\t<div data-elementor-type=\"wp-page\" data-elementor-id=\"4616\" class=\"elementor elementor-4616\">\n\t\t\t\t\t\t\t        <section class=\"elementor-section elementor-top-section elementor-element elementor-element-dc604c4 elementor-section-boxed elementor-section-height-default elementor-section-height-default ct-header-fixed-none ct-row-max-none\" data-id=\"dc604c4\" data-element_type=\"section\">\n            \n                        <div class=\"elementor-container elementor-column-gap-extended \">\n                    <div class=\"elementor-column elementor-col-50 elementor-top-column elementor-element elementor-element-4829e394\" data-id=\"4829e394\" data-element_type=\"column\">\n            <div class=\"elementor-widget-wrap elementor-element-populated\">\n                        \t\t<div class=\"elementor-element elementor-element-2dc6b75d elementor-widget elementor-widget-ct_heading\" data-id=\"2dc6b75d\" data-element_type=\"widget\" data-widget_type=\"ct_heading.default\">\n\t\t\t\t<div class=\"elementor-widget-container\">\n\t\t\t<div id=\"ct_heading-2dc6b75d\" class=\"ct-heading h-align- sub- ct-heading-left item-st-line-left1\">\n\t<div class=\"ct-inline-css\"  data-css=\"\n        \">\n    <\/div>\n        <h3 class=\"item--title st-line-left1 case-animate-time\" data-wow-delay=\"ms\">\n                <span class=\"sp-main\">\n                            <i><\/i>\n            \n            Voile Traditionnelle\n            \n                    <\/span>\n            <\/h3>\n<\/div>\t\t<\/div>\n\t\t\t\t<\/div>\n\t\t        <section class=\"elementor-section elementor-inner-section elementor-element elementor-element-5a22c35e elementor-section-boxed elementor-section-height-default elementor-section-height-default ct-header-fixed-none ct-row-max-none\" data-id=\"5a22c35e\" data-element_type=\"section\">\n            \n                        <div class=\"elementor-container elementor-column-gap-extended \">\n                    <div class=\"elementor-column elementor-col-100 elementor-inner-column elementor-element elementor-element-49dc88fd\" data-id=\"49dc88fd\" data-element_type=\"column\">\n            <div class=\"elementor-widget-wrap elementor-element-populated\">\n                        \t\t<div class=\"elementor-element elementor-element-6886d63e elementor-widget elementor-widget-text-editor\" data-id=\"6886d63e\" data-element_type=\"widget\" data-widget_type=\"text-editor.default\">\n\t\t\t\t<div class=\"elementor-widget-container\">\n\t\t\t<style>\/*! elementor - v3.11.2 - 22-02-2023 *\/\n.elementor-widget-text-editor.elementor-drop-cap-view-stacked .elementor-drop-cap{background-color:#818a91;color:#fff}.elementor-widget-text-editor.elementor-drop-cap-view-framed .elementor-drop-cap{color:#818a91;border:3px solid;background-color:transparent}.elementor-widget-text-editor:not(.elementor-drop-cap-view-default) .elementor-drop-cap{margin-top:8px}.elementor-widget-text-editor:not(.elementor-drop-cap-view-default) .elementor-drop-cap-letter{width:1em;height:1em}.elementor-widget-text-editor .elementor-drop-cap{float:left;text-align:center;line-height:1;font-size:50px}.elementor-widget-text-editor .elementor-drop-cap-letter{display:inline-block}<\/style>\t\t\t\t<p>Depuis plusieurs ann\u00e9es, le canot \u201cYASALA\u201d arbore nos couleurs, lors du Tour de Voile Traditionnelle de la Guadeloupe : Traditour, qui se d\u00e9roule tous les ans au cours du mois de Juillet.<\/p><p>En partenariat avec A&amp;M Industries, nous accompagnons et soutenons l&#8217;\u00e9quipage \u00ab YASALA \u00bb men\u00e9e par Jonas Astorga.<\/p><p>A travers, cet \u00e9v\u00e8nement, nous retrouvons nos valeurs : l\u2019esprit d\u2019\u00e9quipe, le respect de la nature, l\u2019adaptabilit\u00e9 aux al\u00e9as, le d\u00e9passement de soi et le patrimoine Guadeloup\u00e9en.<\/p>\t\t\t\t\t\t<\/div>\n\t\t\t\t<\/div>\n\t\t            <\/div>\n        <\/div>\n                            <\/div>\n        <\/section>\n                    <\/div>\n        <\/div>\n                <div class=\"elementor-column elementor-col-50 elementor-top-column elementor-element elementor-element-197a348d\" data-id=\"197a348d\" data-element_type=\"column\">\n            <div class=\"elementor-widget-wrap elementor-element-populated\">\n                        \t\t<div class=\"elementor-element elementor-element-73cc6229 elementor-widget elementor-widget-image\" data-id=\"73cc6229\" data-element_type=\"widget\" data-widget_type=\"image.default\">\n\t\t\t\t<div class=\"elementor-widget-container\">\n\t\t\t<style>\/*! elementor - v3.11.2 - 22-02-2023 *\/\n.elementor-widget-image{text-align:center}.elementor-widget-image a{display:inline-block}.elementor-widget-image a img[src$=\".svg\"]{width:48px}.elementor-widget-image img{vertical-align:middle;display:inline-block}<\/style>\t\t\t\t\t\t\t\t\t\t\t\t<img decoding=\"async\" width=\"1280\" height=\"718\" src=\"http:\/\/colimatexpress.fr\/wp-content\/uploads\/2023\/03\/partenariat1.jpeg\" class=\"attachment-full size-full wp-image-4622\" alt=\"\" srcset=\"http:\/\/colimatexpress.fr\/wp-content\/uploads\/2023\/03\/partenariat1.jpeg 1280w, http:\/\/colimatexpress.fr\/wp-content\/uploads\/2023\/03\/partenariat1-300x168.jpeg 300w, http:\/\/colimatexpress.fr\/wp-content\/uploads\/2023\/03\/partenariat1-1024x574.jpeg 1024w, http:\/\/colimatexpress.fr\/wp-content\/uploads\/2023\/03\/partenariat1-768x431.jpeg 768w\" sizes=\"(max-width: 1280px) 100vw, 1280px\" \/>\t\t\t\t\t\t\t\t\t\t\t\t\t\t\t<\/div>\n\t\t\t\t<\/div>\n\t\t            <\/div>\n        <\/div>\n                            <\/div>\n        <\/section>\n                <section class=\"elementor-section elementor-top-section elementor-element elementor-element-fd37405 elementor-section-boxed elementor-section-height-default elementor-section-height-default ct-header-fixed-none ct-row-max-none\" data-id=\"fd37405\" data-element_type=\"section\">\n            \n                        <div class=\"elementor-container elementor-column-gap-default \">\n                    <div class=\"elementor-column elementor-col-100 elementor-top-column elementor-element elementor-element-b60f78c\" data-id=\"b60f78c\" data-element_type=\"column\">\n            <div class=\"elementor-widget-wrap elementor-element-populated\">\n                        \t\t<div class=\"elementor-element elementor-element-7c27f08 elementor-widget elementor-widget-image\" data-id=\"7c27f08\" data-element_type=\"widget\" data-widget_type=\"image.default\">\n\t\t\t\t<div class=\"elementor-widget-container\">\n\t\t\t\t\t\t\t\t\t\t\t\t<figure class=\"wp-caption\">\n\t\t\t\t\t\t\t\t\t\t\t<a href=\"https:\/\/www.facebook.com\/watch\/?v=1172630453142053&#038;ref=sharing\">\n\t\t\t\t\t\t\t<img decoding=\"async\" width=\"640\" height=\"427\" src=\"http:\/\/colimatexpress.fr\/wp-content\/uploads\/2023\/03\/partenariat2-768x512.jpeg\" class=\"attachment-medium_large size-medium_large wp-image-4623\" alt=\"\" srcset=\"http:\/\/colimatexpress.fr\/wp-content\/uploads\/2023\/03\/partenariat2-768x512.jpeg 768w, http:\/\/colimatexpress.fr\/wp-content\/uploads\/2023\/03\/partenariat2-300x200.jpeg 300w, http:\/\/colimatexpress.fr\/wp-content\/uploads\/2023\/03\/partenariat2-1024x683.jpeg 1024w, http:\/\/colimatexpress.fr\/wp-content\/uploads\/2023\/03\/partenariat2-1536x1024.jpeg 1536w, http:\/\/colimatexpress.fr\/wp-content\/uploads\/2023\/03\/partenariat2.jpeg 1600w\" sizes=\"(max-width: 640px) 100vw, 640px\" \/>\t\t\t\t\t\t\t\t<\/a>\n\t\t\t\t\t\t\t\t\t\t\t<figcaption class=\"widget-image-caption wp-caption-text\">Cliquez sur l'image pour voir la vid\u00e9o<\/figcaption>\n\t\t\t\t\t\t\t\t\t\t<\/figure>\n\t\t\t\t\t\t\t\t\t<\/div>\n\t\t\t\t<\/div>\n\t\t            <\/div>\n        <\/div>\n                            <\/div>\n        <\/section>\n        \t\t\t\t\t<\/div>\n\t\t","protected":false},"excerpt":{"rendered":"<p>Voile Traditionnelle Depuis plusieurs ann\u00e9es, le canot \u201cYASALA\u201d arbore nos couleurs, lors du Tour de Voile Traditionnelle de la Guadeloupe : Traditour, qui se d\u00e9roule tous les ans au cours du mois de Juillet. En partenariat avec A&amp;M Industries, nous accompagnons et soutenons l&#8217;\u00e9quipage \u00ab YASALA \u00bb men\u00e9e par Jonas Astorga. A travers, cet \u00e9v\u00e8nement, [&hellip;]<\/p>\n","protected":false},"author":1,"featured_media":0,"parent":0,"menu_order":0,"comment_status":"closed","ping_status":"closed","template":"","meta":{"footnotes":""},"class_list":["post-4616","page","type-page","status-publish","hentry"],"_links":{"self":[{"href":"http:\/\/colimatexpress.fr\/index.php\/wp-json\/wp\/v2\/pages\/4616","targetHints":{"allow":["GET"]}}],"collection":[{"href":"http:\/\/colimatexpress.fr\/index.php\/wp-json\/wp\/v2\/pages"}],"about":[{"href":"http:\/\/colimatexpress.fr\/index.php\/wp-json\/wp\/v2\/types\/page"}],"author":[{"embeddable":true,"href":"http:\/\/colimatexpress.fr\/index.php\/wp-json\/wp\/v2\/users\/1"}],"replies":[{"embeddable":true,"href":"http:\/\/colimatexpress.fr\/index.php\/wp-json\/wp\/v2\/comments?post=4616"}],"version-history":[{"count":8,"href":"http:\/\/colimatexpress.fr\/index.php\/wp-json\/wp\/v2\/pages\/4616\/revisions"}],"predecessor-version":[{"id":4735,"href":"http:\/\/colimatexpress.fr\/index.php\/wp-json\/wp\/v2\/pages\/4616\/revisions\/4735"}],"wp:attachment":[{"href":"http:\/\/colimatexpress.fr\/index.php\/wp-json\/wp\/v2\/media?parent=4616"}],"curies":[{"name":"wp","href":"https:\/\/api.w.org\/{rel}","templated":true}]}}